{"id":854,"date":"2023-09-01T18:13:43","date_gmt":"2023-09-01T18:13:43","guid":{"rendered":"http:\/\/www.projectesepia.com\/blog\/?page_id=854"},"modified":"2024-01-17T12:40:09","modified_gmt":"2024-01-17T12:40:09","slug":"fem-de-pescadors-cicle-inicial","status":"publish","type":"page","link":"http:\/\/www.projectesepia.com\/blog\/fem-de-pescadors-cicle-inicial\/","title":{"rendered":"\u00b7Fem de pescadors"},"content":{"rendered":"<p>[et_pb_section fb_built=\u00bb1&#8243; _builder_version=\u00bb4.22.1&#8243; _module_preset=\u00bbdefault\u00bb global_colors_info=\u00bb{}\u00bb][et_pb_row _builder_version=\u00bb4.22.1&#8243; _module_preset=\u00bbdefault\u00bb global_colors_info=\u00bb{}\u00bb][et_pb_column type=\u00bb4_4&#8243; _builder_version=\u00bb4.22.1&#8243; _module_preset=\u00bbdefault\u00bb global_colors_info=\u00bb{}\u00bb][et_pb_image src=\u00bbhttp:\/\/www.projectesepia.com\/blog\/wp-content\/uploads\/2023\/09\/cicle-inicial-1-e1693591975980.png\u00bb title_text=\u00bbcicle inicial\u00bb _builder_version=\u00bb4.22.1&#8243; _module_preset=\u00bbdefault\u00bb global_colors_info=\u00bb{}\u00bb][\/et_pb_image][et_pb_heading title=\u00bbFem de pescadors\u00bb _builder_version=\u00bb4.22.1&#8243; _module_preset=\u00bbdefault\u00bb title_font=\u00bbLato|900|||||||\u00bb title_text_color=\u00bb#6d9b68&#8243; title_font_size=\u00bb54px\u00bb custom_margin=\u00bb||-1px|||\u00bb global_colors_info=\u00bb{}\u00bb][\/et_pb_heading][et_pb_heading title=\u00bbCICLE INICIAL\u00bb _builder_version=\u00bb4.22.1&#8243; _module_preset=\u00bbdefault\u00bb title_level=\u00bbh2&#8243; title_font=\u00bbLato|900|||||||\u00bb title_font_size=\u00bb31px\u00bb min_height=\u00bb35px\u00bb custom_margin=\u00bb-17px|||||\u00bb global_colors_info=\u00bb{}\u00bb][\/et_pb_heading][\/et_pb_column][\/et_pb_row][et_pb_row column_structure=\u00bb2_5,3_5&#8243; _builder_version=\u00bb4.22.1&#8243; _module_preset=\u00bbdefault\u00bb custom_margin=\u00bb-21px|auto||auto||\u00bb global_colors_info=\u00bb{}\u00bb][et_pb_column type=\u00bb2_5&#8243; _builder_version=\u00bb4.22.1&#8243; _module_preset=\u00bbdefault\u00bb global_colors_info=\u00bb{}\u00bb][et_pb_image src=\u00bbhttp:\/\/www.projectesepia.com\/blog\/wp-content\/uploads\/2023\/08\/PS.jpg\u00bb title_text=\u00bbOLYMPUS DIGITAL CAMERA\u00bb _builder_version=\u00bb4.22.1&#8243; _module_preset=\u00bbdefault\u00bb global_colors_info=\u00bb{}\u00bb][\/et_pb_image][\/et_pb_column][et_pb_column type=\u00bb3_5&#8243; _builder_version=\u00bb4.22.1&#8243; _module_preset=\u00bbdefault\u00bb global_colors_info=\u00bb{}\u00bb][et_pb_text _builder_version=\u00bb4.22.1&#8243; _module_preset=\u00bbdefault\u00bb text_font_size=\u00bb23px\u00bb text_line_height=\u00bb1.8em\u00bb global_colors_info=\u00bb{}\u00bb]<\/p>\n<p class=\"cvGsUA direction-ltr align-center para-style-body\" style=\"text-align: justify;\"><span class=\"OYPEnA text-decoration-none text-strikethrough-none\">Activitat d\u2019un mat\u00ed dividida en 2 parts. A la primera els alumnes, a partir de jocs i din\u00e0miques coneixeran qu\u00e8 significa la pesca responsable, i la import\u00e0ncia de preservar el medi mar\u00ed.<\/span><span class=\"OYPEnA text-decoration-none text-strikethrough-none white-space-prewrap\"> <\/span><\/p>\n<p class=\"cvGsUA direction-ltr align-center para-style-body\" style=\"text-align: justify;\"><span class=\"OYPEnA text-decoration-none text-strikethrough-none\">A la segona part de la sortida, anirem al Port on podran veure els diferents arts de pesca artesanal, i on, un pescador o un cient\u00edfic mar\u00ed els explicar\u00e0 quin \u00e9s el seu dia a dia.<\/span><\/p>\n<p>[\/et_pb_text][\/et_pb_column][\/et_pb_row][et_pb_row column_structure=\u00bb1_2,1_4,1_4&#8243; _builder_version=\u00bb4.22.1&#8243; _module_preset=\u00bbdefault\u00bb global_colors_info=\u00bb{}\u00bb][et_pb_column type=\u00bb1_2&#8243; _builder_version=\u00bb4.22.1&#8243; _module_preset=\u00bbdefault\u00bb global_colors_info=\u00bb{}\u00bb][et_pb_text _builder_version=\u00bb4.22.1&#8243; _module_preset=\u00bbdefault\u00bb text_font_size=\u00bb19px\u00bb text_line_height=\u00bb1.8em\u00bb header_3_font=\u00bbLato|700|||||||\u00bb header_3_font_size=\u00bb26px\u00bb header_3_line_height=\u00bb1.1em\u00bb custom_padding=\u00bb||5px|||\u00bb global_colors_info=\u00bb{}\u00bb]<\/p>\n<h3><span class=\"OYPEnA text-decoration-none text-strikethrough-none\">Objectius:<\/span><\/h3>\n<p><span class=\"OYPEnA text-decoration-none text-strikethrough-none\"><\/span><\/p>\n<p><span class=\"OYPEnA text-decoration-none text-strikethrough-none\"><\/span><\/p>\n<ul>\n<li><span class=\"OYPEnA text-decoration-none text-strikethrough-none\">Entendre el concepte de pesca artesanal i industrial.<\/span><\/li>\n<li><span class=\"OYPEnA text-decoration-none text-strikethrough-none\">Con\u00e8ixer els diferents arts de pesca artesanal.<\/span><\/li>\n<li><span class=\"OYPEnA text-decoration-none text-strikethrough-none\">Valorar la import\u00e0ncia de consumir peix per a la salut.<\/span><\/li>\n<\/ul>\n<p>[\/et_pb_text][\/et_pb_column][et_pb_column type=\u00bb1_4&#8243; _builder_version=\u00bb4.22.1&#8243; _module_preset=\u00bbdefault\u00bb global_colors_info=\u00bb{}\u00bb][et_pb_icon font_icon=\u00bb&#xf1da;||fa||900&#8243; icon_color=\u00bb#6d9b68&#8243; icon_width=\u00bb70px\u00bb _builder_version=\u00bb4.22.1&#8243; _module_preset=\u00bbdefault\u00bb global_colors_info=\u00bb{}\u00bb][\/et_pb_icon][et_pb_text _builder_version=\u00bb4.22.1&#8243; _module_preset=\u00bbdefault\u00bb text_font=\u00bb|600|||||||\u00bb text_font_size=\u00bb19px\u00bb text_orientation=\u00bbcenter\u00bb global_colors_info=\u00bb{}\u00bb]<\/p>\n<p><strong>2h i 30m<\/strong><\/p>\n<p>[\/et_pb_text][\/et_pb_column][et_pb_column type=\u00bb1_4&#8243; _builder_version=\u00bb4.22.1&#8243; _module_preset=\u00bbdefault\u00bb global_colors_info=\u00bb{}\u00bb][et_pb_icon font_icon=\u00bb&#xf5a0;||fa||900&#8243; icon_color=\u00bb#6d9b68&#8243; icon_width=\u00bb70px\u00bb _builder_version=\u00bb4.22.1&#8243; _module_preset=\u00bbdefault\u00bb global_colors_info=\u00bb{}\u00bb][\/et_pb_icon][et_pb_text _builder_version=\u00bb4.22.1&#8243; _module_preset=\u00bbdefault\u00bb text_font=\u00bb|600|||||||\u00bb text_font_size=\u00bb15px\u00bb global_colors_info=\u00bb{}\u00bb]<\/p>\n<p><strong>Port de l&#8217;Estartit o de l&#8217;Escala<\/strong><\/p>\n<p>[\/et_pb_text][\/et_pb_column][\/et_pb_row][et_pb_row _builder_version=\u00bb4.22.1&#8243; _module_preset=\u00bbdefault\u00bb global_colors_info=\u00bb{}\u00bb][et_pb_column type=\u00bb4_4&#8243; _builder_version=\u00bb4.22.1&#8243; _module_preset=\u00bbdefault\u00bb global_colors_info=\u00bb{}\u00bb][et_pb_button button_text=\u00bbDescarrega la Fitxa Metodol\u00f2gica\u00bb button_alignment=\u00bbcenter\u00bb _builder_version=\u00bb4.22.1&#8243; _module_preset=\u00bbdefault\u00bb custom_button=\u00bbon\u00bb button_text_color=\u00bb#FFFFFF\u00bb button_bg_color=\u00bb#6d9b68&#8243; hover_enabled=\u00bb0&#8243; global_colors_info=\u00bb{}\u00bb button_url=\u00bbhttp:\/\/www.projectesepia.com\/blog\/wp-content\/uploads\/pdf\/Cicle_Inicial-Fitxa_metodologica_2023_web.pdf\u00bb url_new_window=\u00bbon\u00bb sticky_enabled=\u00bb0&#8243;][\/et_pb_button][\/et_pb_column][\/et_pb_row][et_pb_row _builder_version=\u00bb4.22.1&#8243; _module_preset=\u00bbdefault\u00bb global_colors_info=\u00bb{}\u00bb][et_pb_column type=\u00bb4_4&#8243; _builder_version=\u00bb4.22.1&#8243; _module_preset=\u00bbdefault\u00bb global_colors_info=\u00bb{}\u00bb][et_pb_image src=\u00bbhttp:\/\/www.projectesepia.com\/blog\/wp-content\/uploads\/2023\/09\/imagen-educasepia-apaisada-fondo-blanco-1.png\u00bb title_text=\u00bbimagen educasepia apaisada fondo blanco\u00bb _builder_version=\u00bb4.22.1&#8243; _module_preset=\u00bbdefault\u00bb global_colors_info=\u00bb{}\u00bb][\/et_pb_image][\/et_pb_column][\/et_pb_row][\/et_pb_section]<\/p>\n","protected":false},"excerpt":{"rendered":"<p>Activitat d\u2019un mat\u00ed dividida en 2 parts. A la primera els alumnes, a partir de jocs i din\u00e0miques coneixeran qu\u00e8 significa la pesca responsable, i la import\u00e0ncia de preservar el medi mar\u00ed. A la segona part de la sortida, anirem al Port on podran veure els diferents arts de pesca artesanal, i on, un pescador [&hellip;]<\/p>\n","protected":false},"author":1,"featured_media":856,"parent":0,"menu_order":0,"comment_status":"closed","ping_status":"closed","template":"","meta":{"_et_pb_use_builder":"on","_et_pb_old_content":"","_et_gb_content_width":"","footnotes":""},"aioseo_notices":[],"_links":{"self":[{"href":"http:\/\/www.projectesepia.com\/blog\/wp-json\/wp\/v2\/pages\/854"}],"collection":[{"href":"http:\/\/www.projectesepia.com\/blog\/wp-json\/wp\/v2\/pages"}],"about":[{"href":"http:\/\/www.projectesepia.com\/blog\/wp-json\/wp\/v2\/types\/page"}],"author":[{"embeddable":true,"href":"http:\/\/www.projectesepia.com\/blog\/wp-json\/wp\/v2\/users\/1"}],"replies":[{"embeddable":true,"href":"http:\/\/www.projectesepia.com\/blog\/wp-json\/wp\/v2\/comments?post=854"}],"version-history":[{"count":7,"href":"http:\/\/www.projectesepia.com\/blog\/wp-json\/wp\/v2\/pages\/854\/revisions"}],"predecessor-version":[{"id":1283,"href":"http:\/\/www.projectesepia.com\/blog\/wp-json\/wp\/v2\/pages\/854\/revisions\/1283"}],"wp:featuredmedia":[{"embeddable":true,"href":"http:\/\/www.projectesepia.com\/blog\/wp-json\/wp\/v2\/media\/856"}],"wp:attachment":[{"href":"http:\/\/www.projectesepia.com\/blog\/wp-json\/wp\/v2\/media?parent=854"}],"curies":[{"name":"wp","href":"https:\/\/api.w.org\/{rel}","templated":true}]}}