{"id":1414,"date":"2024-09-11T08:16:18","date_gmt":"2024-09-11T08:16:18","guid":{"rendered":"http:\/\/www.projectesepia.com\/blog\/?page_id=1414"},"modified":"2024-11-13T18:22:52","modified_gmt":"2024-11-13T18:22:52","slug":"botiga","status":"publish","type":"page","link":"http:\/\/www.projectesepia.com\/blog\/botiga\/","title":{"rendered":"Botiga"},"content":{"rendered":"<p>[et_pb_section fb_built=\u00bb1&#8243; admin_label=\u00bbHeader\u00bb _builder_version=\u00bb4.22.1&#8243; _module_preset=\u00bbdefault\u00bb background_color=\u00bbgcid-c0d903dc-93ac-4ecc-8236-73ef6305c15d\u00bb custom_padding=\u00bb||||false|false\u00bb collapsed=\u00bbon\u00bb global_colors_info=\u00bb{%22gcid-c0d903dc-93ac-4ecc-8236-73ef6305c15d%22:%91%22background_color%22%93}\u00bb][et_pb_row column_structure=\u00bb3_5,2_5&#8243; use_custom_gutter=\u00bbon\u00bb gutter_width=\u00bb1&#8243; make_equal=\u00bbon\u00bb _builder_version=\u00bb4.22.1&#8243; _module_preset=\u00bbdefault\u00bb width=\u00bb100%\u00bb custom_padding=\u00bb0px||||false|false\u00bb global_colors_info=\u00bb{}\u00bb][et_pb_column type=\u00bb3_5&#8243; _builder_version=\u00bb4.20.0&#8243; _module_preset=\u00bbdefault\u00bb background_color=\u00bb#FFFFFF\u00bb z_index=\u00bb12&#8243; custom_padding=\u00bb60px|60px|60px|60px|true|true\u00bb custom_padding_tablet=\u00bb30px|30px|30px|30px|true|true\u00bb custom_padding_phone=\u00bb20px|20px|20px|20px|true|true\u00bb custom_padding_last_edited=\u00bbon|desktop\u00bb global_colors_info=\u00bb{}\u00bb][et_pb_text _builder_version=\u00bb4.22.1&#8243; _module_preset=\u00bbb14899cd-b589-49d7-9f77-ef42cc9bafdb\u00bb text_font=\u00bbLato|700|||||||\u00bb text_text_color=\u00bb#000000&#8243; text_font_size=\u00bb17px\u00bb text_line_height=\u00bb1.75em\u00bb header_font=\u00bbLato|900|||||||\u00bb header_text_color=\u00bb#E09900&#8243; header_font_size=\u00bb88px\u00bb custom_margin=\u00bb||10px||false|false\u00bb global_colors_info=\u00bb{}\u00bb]<\/p>\n<h1>Botiga<\/h1>\n<p>A Projecte S\u00e8pia, estem compromesos amb la conservaci\u00f3 del nostre valu\u00f3s ecosistema mar\u00ed. Cada compra, no nom\u00e9s et permet lluir amb orgull el nostre logotip, sin\u00f3 que tamb\u00e9 contribueix directament a les nostres iniciatives de conservaci\u00f3 de les poblacions de cefal\u00f2podes. Portant els nostres productes, ajudes a difondre la import\u00e0ncia de protegir el nostre entorn mar\u00ed.<\/p>\n<p>[\/et_pb_text][\/et_pb_column][et_pb_column type=\u00bb2_5&#8243; _builder_version=\u00bb4.20.0&#8243; _module_preset=\u00bbdefault\u00bb global_colors_info=\u00bb{}\u00bb][et_pb_image src=\u00bbhttp:\/\/www.projectesepia.com\/blog\/wp-content\/uploads\/2024\/09\/Captura-de-pantalla-2024-09-07-203917.png\u00bb title_text=\u00bbSamarreta\u00bb align=\u00bbcenter\u00bb _builder_version=\u00bb4.22.1&#8243; _module_preset=\u00bbdefault\u00bb width=\u00bb100%\u00bb min_height=\u00bb407px\u00bb custom_margin=\u00bb0px||5px||false|false\u00bb custom_padding=\u00bb||0px|||\u00bb hover_enabled=\u00bb0&#8243; global_colors_info=\u00bb{}\u00bb sticky_enabled=\u00bb0&#8243;][\/et_pb_image][\/et_pb_column][\/et_pb_row][\/et_pb_section][et_pb_section fb_built=\u00bb1&#8243; admin_label=\u00bbProducts\u00bb _builder_version=\u00bb4.20.0&#8243; _module_preset=\u00bbdefault\u00bb background_color=\u00bbgcid-c0d903dc-93ac-4ecc-8236-73ef6305c15d\u00bb collapsed=\u00bbon\u00bb global_colors_info=\u00bb{%22gcid-c0d903dc-93ac-4ecc-8236-73ef6305c15d%22:%91%22background_color%22%93}\u00bb][et_pb_row column_structure=\u00bb1_3,1_3,1_3&#8243; _builder_version=\u00bb4.22.1&#8243; _module_preset=\u00bbdefault\u00bb global_colors_info=\u00bb{}\u00bb][et_pb_column type=\u00bb1_3&#8243; _builder_version=\u00bb4.22.1&#8243; _module_preset=\u00bbdefault\u00bb global_colors_info=\u00bb{}\u00bb][lwp_divi_flipbox front_title=\u00bbSamarreta Cl\u00e0sica Projecte S\u00e8pia\u00bb front_body=\u00bb<\/p>\n<h2>25,90<\/h2>\n<p>La nostra samarreta de sempre, per\u00f2 una mica actualitzada. El nostre logo representa els ous de s\u00e8pia que els pescadors treuen de les seves arts de pesca per a incubar-los al port fins que poden treure&#8217;ls a mar.<\/p>\n<p>\u00bb use_front_icon=\u00bboff\u00bb front_src=\u00bbhttp:\/\/www.projectesepia.com\/blog\/wp-content\/uploads\/2024\/09\/samarreta-home-del.png\u00bb front_background_color=\u00bbRGBA(255,255,255,0)\u00bb back_title=\u00bbQu\u00e8 farem amb aquests diners?\u00bb back_body=\u00bb<\/p>\n<p><span>Continuarem instal\u00b7lant les <\/span><span class=%22hiddenSpellError%22 onkeypress=%22MORFOLOGIK_RULE_CA_ES---#---0---#---Possible error ortogr\u00e0fic.---#---separes#Saieres#Saperes#espiares#espieres#saciares#senieres#separ\u00e9s#seriares#setiares#tapiares#tapieres---#---sepieres---#---Amb aquests diners continuarem instal\u00b7lant les sepieres, ajudant els pescadors a recuperar els ous de s\u00e8pia enganxats a les seves xarxes i difonen la import\u00e0ncia de conservar la biodiversitat marina.---#---43%22>sepieres<\/span><span>, ajudant els pescadors a recuperar els ous de s\u00e8pia enganxats a les seves xarxes i difonen la import\u00e0ncia de conservar la biodiversitat marina.<\/span><\/p>\n<p>\u00bb button_text=\u00bbCompra\u00bb button_url=\u00bbhttps:\/\/www.latostadora.com\/web\/camiseta-original-projecte-sepia\/17519752&#8243; use_back_icon=\u00bboff\u00bb back_src=\u00bbhttp:\/\/www.projectesepia.com\/blog\/wp-content\/uploads\/2024\/09\/Captura-de-pantalla-2024-09-07-203917.png\u00bb back_background_color=\u00bbRGBA(255,255,255,0)\u00bb _builder_version=\u00bb4.22.1&#8243; _module_preset=\u00bbdefault\u00bb header-front_font=\u00bb|600|||||||\u00bb header-front_text_color=\u00bb#E09900&#8243; header-front_font_size=\u00bb28px\u00bb header-back_text_color=\u00bb#E09900&#8243; header-back_font_size=\u00bb21px\u00bb front-body_font_size=\u00bb16px\u00bb back-body_text_align=\u00bbjustify\u00bb back-body_text_color=\u00bb#000000&#8243; back-body_font_size=\u00bb18px\u00bb custom_button=\u00bbon\u00bb button_text_size=\u00bb28px\u00bb button_text_color=\u00bb#FFFFFF\u00bb button_bg_color=\u00bb#000000&#8243; button_font=\u00bbLato|900|||||||\u00bb button_icon=\u00bb&#xe015;||divi||400&#8243; button_icon_color=\u00bb#FFFFFF\u00bb button_on_hover=\u00bboff\u00bb button_alignment=\u00bbcenter\u00bb link_option_url_new_window=\u00bbon\u00bb global_colors_info=\u00bb{}\u00bb][\/lwp_divi_flipbox][lwp_divi_flipbox front_title=\u00bbSamarreta Cl\u00e0sica dona Projecte S\u00e8pia\u00bb front_body=\u00bb<\/p>\n<h2>25,90<\/h2>\n<p>La nostra samarreta de sempre, per\u00f2 una mica actualitzada. El nostre logo representa els ous de s\u00e8pia que els pescadors treuen de les seves arts de pesca per a incubar-los al port fins que poden treure&#8217;ls a mar.<\/p>\n<p>\u00bb use_front_icon=\u00bboff\u00bb front_src=\u00bbhttp:\/\/www.projectesepia.com\/blog\/wp-content\/uploads\/2024\/09\/classic-dona-del.png\u00bb front_background_color=\u00bbRGBA(255,255,255,0)\u00bb back_title=\u00bbQu\u00e8 farem amb aquests diners?\u00bb back_body=\u00bb<\/p>\n<p><span>Continuarem instal\u00b7lant les <\/span><span class=%22hiddenSpellError%22 onkeypress=%22MORFOLOGIK_RULE_CA_ES---#---0---#---Possible error ortogr\u00e0fic.---#---separes#Saieres#Saperes#espiares#espieres#saciares#senieres#separ\u00e9s#seriares#setiares#tapiares#tapieres---#---sepieres---#---Amb aquests diners continuarem instal\u00b7lant les sepieres, ajudant els pescadors a recuperar els ous de s\u00e8pia enganxats a les seves xarxes i difonen la import\u00e0ncia de conservar la biodiversitat marina.---#---43%22>sepieres<\/span><span>, ajudant els pescadors a recuperar els ous de s\u00e8pia enganxats a les seves xarxes i difonen la import\u00e0ncia de conservar la biodiversitat marina.<\/span><\/p>\n<p>\u00bb button_text=\u00bbCompra\u00bb button_url=\u00bbhttps:\/\/www.latostadora.com\/web\/samarreta-dona-projecte-sepia\/17525116&#8243; use_back_icon=\u00bboff\u00bb back_src=\u00bbhttp:\/\/www.projectesepia.com\/blog\/wp-content\/uploads\/2024\/09\/classic-dona-dar.png\u00bb back_background_color=\u00bbRGBA(255,255,255,0)\u00bb _builder_version=\u00bb4.22.1&#8243; _module_preset=\u00bbdefault\u00bb header-front_font=\u00bb|600|||||||\u00bb header-front_text_color=\u00bb#E09900&#8243; header-front_font_size=\u00bb28px\u00bb header-back_text_color=\u00bb#E09900&#8243; header-back_font_size=\u00bb21px\u00bb front-body_font_size=\u00bb16px\u00bb back-body_text_align=\u00bbjustify\u00bb back-body_text_color=\u00bb#000000&#8243; back-body_font_size=\u00bb18px\u00bb custom_button=\u00bbon\u00bb button_text_size=\u00bb28px\u00bb button_text_color=\u00bb#FFFFFF\u00bb button_bg_color=\u00bb#000000&#8243; button_font=\u00bbLato|900|||||||\u00bb button_icon=\u00bb&#xe015;||divi||400&#8243; button_icon_color=\u00bb#FFFFFF\u00bb button_on_hover=\u00bboff\u00bb button_alignment=\u00bbcenter\u00bb link_option_url_new_window=\u00bbon\u00bb global_colors_info=\u00bb{}\u00bb][\/lwp_divi_flipbox][lwp_divi_flipbox front_title=\u00bbBodi nad\u00f3 Sol i s\u00e8pies\u00bb front_body=\u00bb<\/p>\n<h2><span>17,90<\/span><\/h2>\n<p>La s\u00e8pia es mou m\u00e9s quan fa bon temps, per aix\u00f2 els pescadors artesanals quan van a la s\u00e8pia es desitjan %22Sol i s\u00e8pies%22!<\/p>\n<p>\u00bb use_front_icon=\u00bboff\u00bb front_src=\u00bbhttp:\/\/www.projectesepia.com\/blog\/wp-content\/uploads\/2024\/09\/body-nado.png\u00bb front_background_color=\u00bbRGBA(255,255,255,0)\u00bb back_title=\u00bbQu\u00e8 farem amb aquests diners?\u00bb back_body=\u00bb<\/p>\n<p><span>Continuarem instal\u00b7lant les <\/span><span class=%22hiddenSpellError%22 onkeypress=%22MORFOLOGIK_RULE_CA_ES---#---0---#---Possible error ortogr\u00e0fic.---#---separes#Saieres#Saperes#espiares#espieres#saciares#senieres#separ\u00e9s#seriares#setiares#tapiares#tapieres---#---sepieres---#---Amb aquests diners continuarem instal\u00b7lant les sepieres, ajudant els pescadors a recuperar els ous de s\u00e8pia enganxats a les seves xarxes i difonen la import\u00e0ncia de conservar la biodiversitat marina.---#---43%22>sepieres<\/span><span>, ajudant els pescadors a recuperar els ous de s\u00e8pia enganxats a les seves xarxes i difonen la import\u00e0ncia de conservar la biodiversitat marina.<\/span><\/p>\n<p>\u00bb button_text=\u00bbCompra\u00bb button_url=\u00bbhttps:\/\/www.latostadora.com\/web\/bossa-projecte-sepia\/17469677&#8243; use_back_icon=\u00bboff\u00bb back_src=\u00bbhttp:\/\/www.projectesepia.com\/blog\/wp-content\/uploads\/2024\/09\/body-nado.png\u00bb back_background_color=\u00bbRGBA(255,255,255,0)\u00bb _builder_version=\u00bb4.22.1&#8243; _module_preset=\u00bbdefault\u00bb header-front_font=\u00bb|600|||||||\u00bb header-front_text_color=\u00bb#E09900&#8243; header-front_font_size=\u00bb28px\u00bb header-back_text_color=\u00bb#E09900&#8243; header-back_font_size=\u00bb21px\u00bb front-body_font_size=\u00bb16px\u00bb back-body_text_align=\u00bbjustify\u00bb back-body_text_color=\u00bb#000000&#8243; back-body_font_size=\u00bb18px\u00bb custom_button=\u00bbon\u00bb button_text_size=\u00bb28px\u00bb button_text_color=\u00bb#FFFFFF\u00bb button_bg_color=\u00bb#000000&#8243; button_font=\u00bbLato|900|||||||\u00bb button_icon=\u00bb&#xe015;||divi||400&#8243; button_icon_color=\u00bb#FFFFFF\u00bb button_on_hover=\u00bboff\u00bb button_alignment=\u00bbcenter\u00bb link_option_url_new_window=\u00bbon\u00bb global_colors_info=\u00bb{}\u00bb][\/lwp_divi_flipbox][\/et_pb_column][et_pb_column type=\u00bb1_3&#8243; _builder_version=\u00bb4.22.1&#8243; _module_preset=\u00bbdefault\u00bb global_colors_info=\u00bb{}\u00bb][lwp_divi_flipbox front_title=\u00bbDessuadora Home Sol i s\u00e8pies\u00bb front_body=\u00bb<\/p>\n<h2>37,90<\/h2>\n<p>La s\u00e8pia es mou m\u00e9s quan fa bon temps, per aix\u00f2 els pescadors artesanals quan van a la s\u00e8pia es desitjan %22Sol i s\u00e8pies%22!<\/p>\n<p>\u00bb use_front_icon=\u00bboff\u00bb front_src=\u00bbhttp:\/\/www.projectesepia.com\/blog\/wp-content\/uploads\/2024\/09\/dessuadora-home-darr.png\u00bb front_background_color=\u00bbRGBA(255,255,255,0)\u00bb back_title=\u00bbQu\u00e8 farem amb aquests diners?\u00bb back_body=\u00bb<\/p>\n<p><span>Continuarem instal\u00b7lant les <\/span><span class=%22hiddenSpellError%22 onkeypress=%22MORFOLOGIK_RULE_CA_ES---#---0---#---Possible error ortogr\u00e0fic.---#---separes#Saieres#Saperes#espiares#espieres#saciares#senieres#separ\u00e9s#seriares#setiares#tapiares#tapieres---#---sepieres---#---Amb aquests diners continuarem instal\u00b7lant les sepieres, ajudant els pescadors a recuperar els ous de s\u00e8pia enganxats a les seves xarxes i difonen la import\u00e0ncia de conservar la biodiversitat marina.---#---43%22>sepieres<\/span><span>, ajudant els pescadors a recuperar els ous de s\u00e8pia enganxats a les seves xarxes i difonen la import\u00e0ncia de conservar la biodiversitat marina.<\/span><\/p>\n<p>\u00bb button_text=\u00bbCompra\u00bb button_url=\u00bbhttps:\/\/www.latostadora.com\/web\/dessuadora-sol-i-sepies\/17525009&#8243; use_back_icon=\u00bboff\u00bb back_src=\u00bbhttp:\/\/www.projectesepia.com\/blog\/wp-content\/uploads\/2024\/09\/dessuadora-home-dav.png\u00bb back_background_color=\u00bbRGBA(255,255,255,0)\u00bb _builder_version=\u00bb4.22.1&#8243; _module_preset=\u00bbdefault\u00bb header-front_font=\u00bb|600|||||||\u00bb header-front_text_color=\u00bb#E09900&#8243; header-front_font_size=\u00bb28px\u00bb header-back_text_color=\u00bb#E09900&#8243; header-back_font_size=\u00bb21px\u00bb front-body_font_size=\u00bb16px\u00bb back-body_text_align=\u00bbjustify\u00bb back-body_text_color=\u00bb#000000&#8243; back-body_font_size=\u00bb18px\u00bb custom_button=\u00bbon\u00bb button_text_size=\u00bb28px\u00bb button_text_color=\u00bb#FFFFFF\u00bb button_bg_color=\u00bb#000000&#8243; button_font=\u00bbLato|900|||||||\u00bb button_icon=\u00bb&#xe015;||divi||400&#8243; button_icon_color=\u00bb#FFFFFF\u00bb button_on_hover=\u00bboff\u00bb button_alignment=\u00bbcenter\u00bb link_option_url_new_window=\u00bbon\u00bb global_colors_info=\u00bb{}\u00bb][\/lwp_divi_flipbox][lwp_divi_flipbox front_title=\u00bbDavantal  Sol i s\u00e8pies\u00bb front_body=\u00bb<\/p>\n<h2>19,90<\/h2>\n<p>La s\u00e8pia es mou m\u00e9s quan fa bon temps, per aix\u00f2 els pescadors artesanals quan van a la s\u00e8pia es desitjan %22Sol i s\u00e8pies%22!<\/p>\n<p>Diuen que amb aquest davantal l&#8217;arr\u00f2s amb s\u00e8pia surt bon\u00edssim.<\/p>\n<p>\u00bb use_front_icon=\u00bboff\u00bb front_src=\u00bbhttp:\/\/www.projectesepia.com\/blog\/wp-content\/uploads\/2024\/09\/davantal-1.jpeg\u00bb front_background_color=\u00bbRGBA(255,255,255,0)\u00bb back_title=\u00bbQu\u00e8 farem amb aquests diners?\u00bb back_body=\u00bb<\/p>\n<p><span>Continuarem instal\u00b7lant les <\/span><span class=%22hiddenSpellError%22 onkeypress=%22MORFOLOGIK_RULE_CA_ES---#---0---#---Possible error ortogr\u00e0fic.---#---separes#Saieres#Saperes#espiares#espieres#saciares#senieres#separ\u00e9s#seriares#setiares#tapiares#tapieres---#---sepieres---#---Amb aquests diners continuarem instal\u00b7lant les sepieres, ajudant els pescadors a recuperar els ous de s\u00e8pia enganxats a les seves xarxes i difonen la import\u00e0ncia de conservar la biodiversitat marina.---#---43%22>sepieres<\/span><span>, ajudant els pescadors a recuperar els ous de s\u00e8pia enganxats a les seves xarxes i difonen la import\u00e0ncia de conservar la biodiversitat marina.<\/span><\/p>\n<p>\u00bb button_text=\u00bbCompra\u00bb button_url=\u00bbhttps:\/\/www.latostadora.com\/web\/davantal-sol-i-sepies\/17525005&#8243; use_back_icon=\u00bboff\u00bb back_src=\u00bbhttp:\/\/www.projectesepia.com\/blog\/wp-content\/uploads\/2024\/09\/davantal.jpeg\u00bb back_background_color=\u00bbRGBA(255,255,255,0)\u00bb _builder_version=\u00bb4.22.1&#8243; _module_preset=\u00bbdefault\u00bb header-front_font=\u00bb|600|||||||\u00bb header-front_text_color=\u00bb#E09900&#8243; header-front_font_size=\u00bb28px\u00bb header-back_text_color=\u00bb#E09900&#8243; header-back_font_size=\u00bb21px\u00bb front-body_font_size=\u00bb16px\u00bb back-body_text_align=\u00bbjustify\u00bb back-body_text_color=\u00bb#000000&#8243; back-body_font_size=\u00bb18px\u00bb custom_button=\u00bbon\u00bb button_text_size=\u00bb28px\u00bb button_text_color=\u00bb#FFFFFF\u00bb button_bg_color=\u00bb#000000&#8243; button_font=\u00bbLato|900|||||||\u00bb button_icon=\u00bb&#xe015;||divi||400&#8243; button_icon_color=\u00bb#FFFFFF\u00bb button_on_hover=\u00bboff\u00bb button_alignment=\u00bbcenter\u00bb link_option_url_new_window=\u00bbon\u00bb global_colors_info=\u00bb{}\u00bb][\/lwp_divi_flipbox][lwp_divi_flipbox front_title=\u00bbTassa S\u00e8pies a la platja\u00bb front_body=\u00bb<\/p>\n<h2>19,90<\/h2>\n<p>Anar a la platja pot ser molt m\u00e9s que estirar-se al sol i prendre una cervesa a la guingueta. Les platges s\u00f3n ecosistemes vius als quals ajudem instal\u00b7lant les sepieres visitables perqu\u00e8 puguis gaudir de s\u00e8pies, pops i cavallets de mar.<\/p>\n<p>\u00bb use_front_icon=\u00bboff\u00bb front_src=\u00bbhttp:\/\/www.projectesepia.com\/blog\/wp-content\/uploads\/2024\/09\/tassa-1-e1726161593228.png\u00bb front_background_color=\u00bbRGBA(255,255,255,0)\u00bb back_title=\u00bbQu\u00e8 farem amb aquests diners?\u00bb back_body=\u00bb<\/p>\n<p><span>Continuarem instal\u00b7lant les <\/span><span class=%22hiddenSpellError%22 onkeypress=%22MORFOLOGIK_RULE_CA_ES---#---0---#---Possible error ortogr\u00e0fic.---#---separes#Saieres#Saperes#espiares#espieres#saciares#senieres#separ\u00e9s#seriares#setiares#tapiares#tapieres---#---sepieres---#---Amb aquests diners continuarem instal\u00b7lant les sepieres, ajudant els pescadors a recuperar els ous de s\u00e8pia enganxats a les seves xarxes i difonen la import\u00e0ncia de conservar la biodiversitat marina.---#---43%22>sepieres<\/span><span>, ajudant els pescadors a recuperar els ous de s\u00e8pia enganxats a les seves xarxes i difonen la import\u00e0ncia de conservar la biodiversitat marina.<\/span><\/p>\n<p>\u00bb button_text=\u00bbCompra\u00bb button_url=\u00bbhttps:\/\/www.latostadora.com\/web\/bossa-projecte-sepia\/17469677&#8243; use_back_icon=\u00bboff\u00bb back_src=\u00bbhttp:\/\/www.projectesepia.com\/blog\/wp-content\/uploads\/2024\/09\/bossa-sepies-a-la-platja.png\u00bb back_background_color=\u00bbRGBA(255,255,255,0)\u00bb _builder_version=\u00bb4.22.1&#8243; _module_preset=\u00bbdefault\u00bb header-front_font=\u00bb|600|||||||\u00bb header-front_text_color=\u00bb#E09900&#8243; header-front_font_size=\u00bb28px\u00bb header-back_text_color=\u00bb#E09900&#8243; header-back_font_size=\u00bb21px\u00bb front-body_font_size=\u00bb16px\u00bb back-body_text_align=\u00bbjustify\u00bb back-body_text_color=\u00bb#000000&#8243; back-body_font_size=\u00bb18px\u00bb custom_button=\u00bbon\u00bb button_text_size=\u00bb28px\u00bb button_text_color=\u00bb#FFFFFF\u00bb button_bg_color=\u00bb#000000&#8243; button_font=\u00bbLato|900|||||||\u00bb button_icon=\u00bb&#xe015;||divi||400&#8243; button_icon_color=\u00bb#FFFFFF\u00bb button_on_hover=\u00bboff\u00bb button_alignment=\u00bbcenter\u00bb link_option_url_new_window=\u00bbon\u00bb global_colors_info=\u00bb{}\u00bb][\/lwp_divi_flipbox][\/et_pb_column][et_pb_column type=\u00bb1_3&#8243; _builder_version=\u00bb4.22.1&#8243; _module_preset=\u00bbdefault\u00bb global_colors_info=\u00bb{}\u00bb][lwp_divi_flipbox front_title=\u00bbBossa S\u00e8pies a la platja\u00bb front_body=\u00bb<\/p>\n<h2>19,90<\/h2>\n<p>Anar a la platja pot ser molt m\u00e9s que estirar-se al sol i prendre una cervesa a la guingueta. Les platges s\u00f3n ecosistemes vius als quals ajudem instal\u00b7lant les sepieres visitables perqu\u00e8 puguis gaudir de s\u00e8pies, pops i cavallets de mar.<\/p>\n<p>\u00bb use_front_icon=\u00bboff\u00bb front_src=\u00bbhttp:\/\/www.projectesepia.com\/blog\/wp-content\/uploads\/2024\/09\/bossa-sepies-a-la-platja.png\u00bb front_background_color=\u00bbRGBA(255,255,255,0)\u00bb back_title=\u00bbQu\u00e8 farem amb aquests diners?\u00bb back_body=\u00bb<\/p>\n<p><span>Continuarem instal\u00b7lant les <\/span><span class=%22hiddenSpellError%22 onkeypress=%22MORFOLOGIK_RULE_CA_ES---#---0---#---Possible error ortogr\u00e0fic.---#---separes#Saieres#Saperes#espiares#espieres#saciares#senieres#separ\u00e9s#seriares#setiares#tapiares#tapieres---#---sepieres---#---Amb aquests diners continuarem instal\u00b7lant les sepieres, ajudant els pescadors a recuperar els ous de s\u00e8pia enganxats a les seves xarxes i difonen la import\u00e0ncia de conservar la biodiversitat marina.---#---43%22>sepieres<\/span><span>, ajudant els pescadors a recuperar els ous de s\u00e8pia enganxats a les seves xarxes i difonen la import\u00e0ncia de conservar la biodiversitat marina.<\/span><\/p>\n<p>\u00bb button_text=\u00bbCompra\u00bb button_url=\u00bbhttps:\/\/www.latostadora.com\/web\/bossa-projecte-sepia\/17469677&#8243; use_back_icon=\u00bboff\u00bb back_src=\u00bbhttp:\/\/www.projectesepia.com\/blog\/wp-content\/uploads\/2024\/09\/bossa-sepies-a-la-platja.png\u00bb back_background_color=\u00bbRGBA(255,255,255,0)\u00bb _builder_version=\u00bb4.22.1&#8243; _module_preset=\u00bbdefault\u00bb header-front_font=\u00bb|600|||||||\u00bb header-front_text_color=\u00bb#E09900&#8243; header-front_font_size=\u00bb28px\u00bb header-back_text_color=\u00bb#E09900&#8243; header-back_font_size=\u00bb21px\u00bb front-body_font_size=\u00bb16px\u00bb back-body_text_align=\u00bbjustify\u00bb back-body_text_color=\u00bb#000000&#8243; back-body_font_size=\u00bb18px\u00bb custom_button=\u00bbon\u00bb button_text_size=\u00bb28px\u00bb button_text_color=\u00bb#FFFFFF\u00bb button_bg_color=\u00bb#000000&#8243; button_font=\u00bbLato|900|||||||\u00bb button_icon=\u00bb&#xe015;||divi||400&#8243; button_icon_color=\u00bb#FFFFFF\u00bb button_on_hover=\u00bboff\u00bb button_alignment=\u00bbcenter\u00bb link_option_url_new_window=\u00bbon\u00bb global_colors_info=\u00bb{}\u00bb][\/lwp_divi_flipbox][lwp_divi_flipbox front_title=\u00bbSamarreta per a la mainada\u00bb front_body=\u00bb<\/p>\n<h2><span>17,90<\/span><\/h2>\n<p>La s\u00e8pia es mou m\u00e9s quan fa bon temps, per aix\u00f2 els pescadors artesanals quan van a la s\u00e8pia es desitjan %22Sol i s\u00e8pies%22!<\/p>\n<p>\u00bb use_front_icon=\u00bboff\u00bb front_src=\u00bbhttp:\/\/www.projectesepia.com\/blog\/wp-content\/uploads\/2024\/09\/samarreta-mainada.png\u00bb front_background_color=\u00bbRGBA(255,255,255,0)\u00bb back_title=\u00bbQu\u00e8 farem amb aquests diners?\u00bb back_body=\u00bb<\/p>\n<p><span>Continuarem instal\u00b7lant les <\/span><span class=%22hiddenSpellError%22 onkeypress=%22MORFOLOGIK_RULE_CA_ES---#---0---#---Possible error ortogr\u00e0fic.---#---separes#Saieres#Saperes#espiares#espieres#saciares#senieres#separ\u00e9s#seriares#setiares#tapiares#tapieres---#---sepieres---#---Amb aquests diners continuarem instal\u00b7lant les sepieres, ajudant els pescadors a recuperar els ous de s\u00e8pia enganxats a les seves xarxes i difonen la import\u00e0ncia de conservar la biodiversitat marina.---#---43%22>sepieres<\/span><span>, ajudant els pescadors a recuperar els ous de s\u00e8pia enganxats a les seves xarxes i difonen la import\u00e0ncia de conservar la biodiversitat marina.<\/span><\/p>\n<p>\u00bb button_text=\u00bbCompra\u00bb button_url=\u00bbhttps:\/\/www.latostadora.com\/web\/bossa-projecte-sepia\/17469677&#8243; use_back_icon=\u00bboff\u00bb back_src=\u00bbhttp:\/\/www.projectesepia.com\/blog\/wp-content\/uploads\/2024\/09\/samarreta-mainada.png\u00bb back_background_color=\u00bbRGBA(255,255,255,0)\u00bb _builder_version=\u00bb4.22.1&#8243; _module_preset=\u00bbdefault\u00bb header-front_font=\u00bb|600|||||||\u00bb header-front_text_color=\u00bb#E09900&#8243; header-front_font_size=\u00bb28px\u00bb header-back_text_color=\u00bb#E09900&#8243; header-back_font_size=\u00bb21px\u00bb front-body_font_size=\u00bb16px\u00bb back-body_text_align=\u00bbjustify\u00bb back-body_text_color=\u00bb#000000&#8243; back-body_font_size=\u00bb18px\u00bb custom_button=\u00bbon\u00bb button_text_size=\u00bb28px\u00bb button_text_color=\u00bb#FFFFFF\u00bb button_bg_color=\u00bb#000000&#8243; button_font=\u00bbLato|900|||||||\u00bb button_icon=\u00bb&#xe015;||divi||400&#8243; button_icon_color=\u00bb#FFFFFF\u00bb button_on_hover=\u00bboff\u00bb button_alignment=\u00bbcenter\u00bb link_option_url_new_window=\u00bbon\u00bb global_colors_info=\u00bb{}\u00bb][\/lwp_divi_flipbox][\/et_pb_column][\/et_pb_row][\/et_pb_section][et_pb_section fb_built=\u00bb1&#8243; admin_label=\u00bbCall to Action\u00bb _builder_version=\u00bb4.20.0&#8243; _module_preset=\u00bbdefault\u00bb background_color=\u00bbgcid-cc1e7daa-e7a2-44d1-a6d4-86221a549f5c\u00bb custom_padding=\u00bb0px||0px||true|false\u00bb locked=\u00bboff\u00bb collapsed=\u00bbon\u00bb global_colors_info=\u00bb{%22gcid-cc1e7daa-e7a2-44d1-a6d4-86221a549f5c%22:%91%22background_color%22%93}\u00bb][\/et_pb_section]<\/p>\n","protected":false},"excerpt":{"rendered":"<p>A Projecte S\u00e8pia, estem compromesos amb la conservaci\u00f3 del nostre valu\u00f3s ecosistema mar\u00ed. Cada compra, no nom\u00e9s et permet lluir amb orgull el nostre logotip, sin\u00f3 que tamb\u00e9 contribueix directament a les nostres iniciatives de conservaci\u00f3 de les poblacions de cefal\u00f2podes. Portant els nostres productes, ajudes a difondre la import\u00e0ncia de protegir el nostre entorn mar\u00ed.<\/p>\n","protected":false},"author":1,"featured_media":1423,"parent":0,"menu_order":0,"comment_status":"closed","ping_status":"closed","template":"","meta":{"_et_pb_use_builder":"on","_et_pb_old_content":"","_et_gb_content_width":"","footnotes":""},"aioseo_notices":[],"_links":{"self":[{"href":"http:\/\/www.projectesepia.com\/blog\/wp-json\/wp\/v2\/pages\/1414"}],"collection":[{"href":"http:\/\/www.projectesepia.com\/blog\/wp-json\/wp\/v2\/pages"}],"about":[{"href":"http:\/\/www.projectesepia.com\/blog\/wp-json\/wp\/v2\/types\/page"}],"author":[{"embeddable":true,"href":"http:\/\/www.projectesepia.com\/blog\/wp-json\/wp\/v2\/users\/1"}],"replies":[{"embeddable":true,"href":"http:\/\/www.projectesepia.com\/blog\/wp-json\/wp\/v2\/comments?post=1414"}],"version-history":[{"count":14,"href":"http:\/\/www.projectesepia.com\/blog\/wp-json\/wp\/v2\/pages\/1414\/revisions"}],"predecessor-version":[{"id":1454,"href":"http:\/\/www.projectesepia.com\/blog\/wp-json\/wp\/v2\/pages\/1414\/revisions\/1454"}],"wp:featuredmedia":[{"embeddable":true,"href":"http:\/\/www.projectesepia.com\/blog\/wp-json\/wp\/v2\/media\/1423"}],"wp:attachment":[{"href":"http:\/\/www.projectesepia.com\/blog\/wp-json\/wp\/v2\/media?parent=1414"}],"curies":[{"name":"wp","href":"https:\/\/api.w.org\/{rel}","templated":true}]}}